{"id":14852,"date":"2024-06-18T15:42:24","date_gmt":"2024-06-18T15:42:24","guid":{"rendered":"https:\/\/vapodor.com\/produkt\/150-g-de-fragrancia-granulada-tornado-i-para-o-aparelho-urbino\/"},"modified":"2025-06-17T12:13:28","modified_gmt":"2025-06-17T12:13:28","slug":"150-g-de-fragrancia-granulada-tornado-i-para-o-aparelho-urbino","status":"publish","type":"product","link":"https:\/\/vapodor.com\/pt-pt\/produkt\/150-g-de-fragrancia-granulada-tornado-i-para-o-aparelho-urbino\/","title":{"rendered":"150 g de fragr\u00e2ncia granulada Tornado I para o aparelho Urbino"},"content":{"rendered":"<p>Tornado combina as notas revigorantes de cashmeran, madeira de abeto e manjeric\u00e3o com a do\u00e7ura fresca da ma\u00e7\u00e3, hortel\u00e3 e fr\u00e9sia. Esta composi\u00e7\u00e3o olfactiva estimulante tem um efeito estimulante e inspirador, ideal para uma atmosfera vital e energizante. Tornado harmoniza-se particularmente bem com tons de branco, amarelo, verde, violeta e cinzento e enquadra-se perfeitamente em qualquer ambiente. Fazendo parte da cole\u00e7\u00e3o &#8220;Designer Fragrances (Men)&#8221;, esta fragr\u00e2ncia traz dinamismo e energia fresca ao ambiente durante todo o ano.   <\/p>\n","protected":false},"excerpt":{"rendered":"<p>Tornado combina as notas revigorantes de cashmeran, madeira de abeto e manjeric\u00e3o com a do\u00e7ura fresca de ma\u00e7\u00e3, menta e fr\u00e9sia.<\/p>\n","protected":false},"featured_media":14842,"comment_status":"open","ping_status":"closed","template":"","meta":[],"product_brand":[],"product_cat":[307],"product_tag":[],"class_list":{"0":"post-14852","1":"product","2":"type-product","3":"status-publish","4":"has-post-thumbnail","6":"product_cat-sem-categoria","8":"first","9":"instock","10":"taxable","11":"shipping-taxable","12":"purchasable","13":"product-type-simple"},"_links":{"self":[{"href":"https:\/\/vapodor.com\/pt-pt\/wp-json\/wp\/v2\/product\/14852","targetHints":{"allow":["GET"]}}],"collection":[{"href":"https:\/\/vapodor.com\/pt-pt\/wp-json\/wp\/v2\/product"}],"about":[{"href":"https:\/\/vapodor.com\/pt-pt\/wp-json\/wp\/v2\/types\/product"}],"replies":[{"embeddable":true,"href":"https:\/\/vapodor.com\/pt-pt\/wp-json\/wp\/v2\/comments?post=14852"}],"wp:featuredmedia":[{"embeddable":true,"href":"https:\/\/vapodor.com\/pt-pt\/wp-json\/wp\/v2\/media\/14842"}],"wp:attachment":[{"href":"https:\/\/vapodor.com\/pt-pt\/wp-json\/wp\/v2\/media?parent=14852"}],"wp:term":[{"taxonomy":"product_brand","embeddable":true,"href":"https:\/\/vapodor.com\/pt-pt\/wp-json\/wp\/v2\/product_brand?post=14852"},{"taxonomy":"product_cat","embeddable":true,"href":"https:\/\/vapodor.com\/pt-pt\/wp-json\/wp\/v2\/product_cat?post=14852"},{"taxonomy":"product_tag","embeddable":true,"href":"https:\/\/vapodor.com\/pt-pt\/wp-json\/wp\/v2\/product_tag?post=14852"}],"curies":[{"name":"wp","href":"https:\/\/api.w.org\/{rel}","templated":true}]}}